{"id":141,"date":"2025-06-21T11:29:48","date_gmt":"2025-06-21T09:29:48","guid":{"rendered":"https:\/\/nicolaswirth.fr\/index.php\/page-1\/"},"modified":"2025-06-23T16:51:24","modified_gmt":"2025-06-23T14:51:24","slug":"accueil","status":"publish","type":"page","link":"https:\/\/nicolaswirth.fr\/","title":{"rendered":"Accueil | Nicolas Wirth"},"content":{"rendered":"<p>Nicolas Wirth<br \/>\n           Naturopathe engag\u00e9 pour une sant\u00e9 durable<\/p>\n<p>              Le vivant au coeur de la sant\u00e9<\/p>\n<p>              Des conseils personnalis\u00e9s&#8230;<\/p>\n<p>              &#8230;fond\u00e9s sur la science et la tradition <\/p>\n<p>                   Depuis plus de 20 ans, j\u2019accompagne les personnes en qu\u00eate d\u2019une sant\u00e9 plus durable<br \/>\n                  \u00c0 travers une approche globale de la sant\u00e9 mon engagement est de vous aider \u00e0 comprendre les messages que votre corps vous envoie&nbsp;et ainsi d\u00e9couvrir ensemble quel peut \u00eatre l\u2019origine de vos troubles chroniques (approche de terrain). L\u2019objectif est de faire ressurgir votre vitalit\u00e9, source de joie de vivre et de sant\u00e9, et \u00e0 redevenir acteur de votre propre sant\u00e9. L\u2019objectif est de vous aider \u00e0 faire ressurgir votre<br \/>\nvitalit\u00e9, source de joie de vivre et de sant\u00e9, et \u00e0 redevenir acteur de votre propre<br \/>\nsant\u00e9.<\/p>\n<p>                          Des milliers<br \/>\n                          d&rsquo;abonn\u00e9s \u00e0 Solutions Naturopathie<\/p>\n<p>                          +20<br \/>\n                          ann\u00e9es d&rsquo;exp\u00e9rience<\/p>\n<p>                Mon parcours et ma pratique <\/p>\n<p>                     Form\u00e9 au CENATHO \u00e0 Paris sous la direction de Daniel Kieffer, je m\u2019appuie sur les grands principes de la naturopathie, tout en int\u00e9grant les apports r\u00e9cents de la recherche scientifique dans le domaine de la sant\u00e9 naturelle.<\/p>\n<p>                    Gr\u00e2ce \u00e0 mon activit\u00e9 de journaliste sp\u00e9cialis\u00e9 et de r\u00e9dacteur en chef de la revue Solutions Naturopathie, je suis en veille constante sur les avanc\u00e9es les plus s\u00e9rieuses et innovantes en mati\u00e8re de pr\u00e9vention et de soins naturels. Ma pratique s\u2019inspire \u00e9galement de la m\u00e9decine fonctionnelle, qui partage avec la naturopathie une vision globale, individualis\u00e9e et causaliste de la sant\u00e9.<\/p>\n<p>                    Je propose aujourd\u2019hui des consultations \u00e0 distance, en visioconf\u00e9rence, dans un cadre bienveillant, \u00e0 l\u2019\u00e9coute, et toujours adapt\u00e9 \u00e0 votre r\u00e9alit\u00e9.<\/p>\n<p>                  Pourquoi la naturopathie?<br \/>\n                   Comment rester en forme malgr\u00e9 les stress qui nous assaillent, les accidents de la vie ?Comment retrouver un \u00e9quilibre durable quand les troubles n\u2019ont pas d\u2019explication ?Et surtout, comment ne plus seulement masquer les sympt\u00f4mes mais comprendre les causes profondes de nos d\u00e9s\u00e9quilibres ?C\u2019est \u00e0 ces questions que la naturopathie apporte des r\u00e9ponses pertinentes et puissantes, notamment en cas de troubles chroniques.Elle ne s\u2019oppose pas \u00e0 la m\u00e9decine conventionnelle, mais lui est compl\u00e9mentaire.<\/p>\n<p>         Mon approche<\/p>\n<p>                   Une d\u00e9marche centr\u00e9e sur les causes<br \/>\n                   Tout trouble a une histoire, une<br \/>\norigine. \u00c0 travers le bilan de vitalit\u00e9 r\u00e9alis\u00e9 en premi\u00e8re consultation, nous<br \/>\nidentifions les carences, les surcharges, ou les d\u00e9s\u00e9quilibres de terrain qui<br \/>\naffaiblissent votre organisme.C\u2019est \u00e0 partir de cette \u00e9valuation que je<br \/>\nconstruis un programme individualis\u00e9.<br \/>\n                    Chaque consultation est un temps<br \/>\nd\u2019\u00e9coute active pour comprendre votre terrain, votre vitalit\u00e9, vos \u00e9motions, et<br \/>\nvotre histoire de vie.Monobjectif : vous aider \u00e0 retrouver l\u2019\u00e9quilibre en<br \/>\nactivant vos capacit\u00e9s naturelles d\u2019auto-r\u00e9g\u00e9n\u00e9ration.&nbsp;<\/p>\n<p>                   Une pratique \u00e9clair\u00e9e, loin des dogmes<br \/>\n                  Ni recettes toutes faites, ni promesses miracles.Je crois en une&nbsp;naturopathie responsable, qui s\u2019adapte \u00e0 votre mode de vie, vos contraintes et vos aspirations.Mon r\u00f4le est de vous transmettre des&nbsp;outils concrets&nbsp;pour redevenir acteur de votre sant\u00e9, en toute autonomie.<\/p>\n<p>                   Retrouver l\u2019\u00e9quilibre, c\u2019est retrouver la libert\u00e9 d\u2019\u00eatre soi.<\/p>\n<p>        Ce que vous pouvez attendre d&rsquo;une consultation<\/p>\n<p>                Bilan de vitalit\u00e9<br \/>\n                 Lors de la premi\u00e8re s\u00e9ance, j\u2019utilise diff\u00e9rents outils d\u2019observation pour cerner votre terrain, votre vitalit\u00e9 et vos besoins.<\/p>\n<p>                Le plan personnalis\u00e9<br \/>\n                 \u00c0&nbsp;l\u2019issue de ce bilan, je vous remets un programme d\u2019hygi\u00e8ne de vie incluant des conseils pratiques en nutrition, micro-nutrition, activit\u00e9 physique, gestion du stress, sommeil, respiration selon vos besoins identifi\u00e9s. <\/p>\n<p>                   Votre naturopathe<br \/>\n                   Consultations uniquement \u00e0 distance, sur rendez-vous<\/p>\n<p>                   Prendre rendez-vous<\/p>\n<p>                        &#8211;:&#8211;<\/p>\n<p>                    There are no available time slots for this date.<br \/>\n                    You have successfully booked the appointment.<br \/>\n                    Unable to book the appointment for this time slot. Please book another one.<br \/>\n                    An unexpected error occurred.<\/p>\n<p>                  Recevoir mon actualit\u00e9<br \/>\n                   Laissez votre adresse mail pour recevoir mon actualit\u00e9.<\/p>\n<p>                        Email<\/p>\n<p>                        Soumettre<\/p>\n<p>                      Merci ! Votre message a \u00e9t\u00e9 envoy\u00e9.<br \/>\n                      Impossible d&rsquo;envoyer votre message. Merci de corriger les erreurs et r\u00e9essayer.<\/p>\n<p>                  Contactez-moi<br \/>\n                  \u00c9crivez-moi pour toute question avant une prise de rendez-vous.<\/p>\n<p>                        Pr\u00e9nom<\/p>\n<p>                        Nom<\/p>\n<p>                        Email<\/p>\n<p>                        Message<\/p>\n<p>                        Soumettre<\/p>\n<p>                      Merci ! Votre message a \u00e9t\u00e9 envoy\u00e9.<br \/>\n                      Impossible d&rsquo;envoyer votre message. Merci de corriger les erreurs et r\u00e9essayer.<\/p>\n","protected":false},"excerpt":{"rendered":"<p>Nicolas Wirth Naturopathe engag\u00e9 pour une sant\u00e9 durable Le vivant au coeur de la sant\u00e9 Des conseils personnalis\u00e9s&#8230; &#8230;fond\u00e9s sur la science et la tradition Depuis plus de 20 ans, j\u2019accompagne les personnes en qu\u00eate d\u2019une sant\u00e9 plus durable \u00c0 travers une approche globale de la sant\u00e9 mon engagement est de vous aider \u00e0 comprendre [&hellip;]<\/p>\n","protected":false},"author":2,"featured_media":0,"parent":0,"menu_order":1,"comment_status":"closed","ping_status":"closed","template":"","meta":{"footnotes":""},"class_list":["post-141","page","type-page","status-publish","hentry"],"_links":{"self":[{"href":"https:\/\/nicolaswirth.fr\/index.php\/wp-json\/wp\/v2\/pages\/141","targetHints":{"allow":["GET"]}}],"collection":[{"href":"https:\/\/nicolaswirth.fr\/index.php\/wp-json\/wp\/v2\/pages"}],"about":[{"href":"https:\/\/nicolaswirth.fr\/index.php\/wp-json\/wp\/v2\/types\/page"}],"author":[{"embeddable":true,"href":"https:\/\/nicolaswirth.fr\/index.php\/wp-json\/wp\/v2\/users\/2"}],"replies":[{"embeddable":true,"href":"https:\/\/nicolaswirth.fr\/index.php\/wp-json\/wp\/v2\/comments?post=141"}],"version-history":[{"count":17,"href":"https:\/\/nicolaswirth.fr\/index.php\/wp-json\/wp\/v2\/pages\/141\/revisions"}],"predecessor-version":[{"id":286,"href":"https:\/\/nicolaswirth.fr\/index.php\/wp-json\/wp\/v2\/pages\/141\/revisions\/286"}],"wp:attachment":[{"href":"https:\/\/nicolaswirth.fr\/index.php\/wp-json\/wp\/v2\/media?parent=141"}],"curies":[{"name":"wp","href":"https:\/\/api.w.org\/{rel}","templated":true}]}}